{"id":1933,"date":"2014-02-05T18:39:44","date_gmt":"2014-02-05T17:39:44","guid":{"rendered":"http:\/\/vreem.eu\/?page_id=1933"},"modified":"2014-02-05T18:39:44","modified_gmt":"2014-02-05T17:39:44","slug":"vreem-methode","status":"publish","type":"page","link":"https:\/\/vreem.eu\/?page_id=1933","title":{"rendered":"VREEM Methode"},"content":{"rendered":"<h1><strong>De VREEM Methode is Uniek en Super Winstgevend<\/strong><\/h1>\n<p>Als belegger ben je natuurlijk op zoek naar de makkelijkste manier om geld te verdienen op de beurs voor je financi\u00eble zekerheid. De manieren en strategie\u00ebn waarmee je geld kunt verdienen zijn er legio, echter zijn veel strategie\u00ebn veel te lastig en onhandig en heb je gedegen kennis van beleggen\u00a0nodig.<\/p>\n<p><strong>De VREEM Methode is even simpel als doeltreffend en recht-toe-recht-aan zonder ingewikkelde contructies, zodat je een Winning Gameplan hebt voor je financi\u00eble doelen.<\/strong><\/p>\n<p>De VREEM Methode is speciaal voor jou ontwikkeld om straks te kunnen genieten van een goed pensioen of snel van je schulden af te zijn. Het werkt en is door iedereen te kopi\u00ebren. Wanneer je de toekomstige data uit de <a title=\"Analysepagina AEX\" href=\"https:\/\/vreem.eu\/gratis-beurstips-2\/aex-index-tips\/\" target=\"_blank\">VR\u20ac\u20acM-analysepagina&#8217;s<\/a> volgt, zul je zien dat je winst gaat maken met bijv. een CFD en dat jou rendementen ongekende hoogtes gaan bereiken zonder navenante risico&#8217;s.<\/p>\n<p>&nbsp;<\/p>\n<h2><span style=\"color: #ff0000;\">De VR<span style=\"color: #0000ff;\">\u20ac\u20ac<\/span>M-Methode om veilig Geld te verdienen op de Beurs :<\/span><\/h2>\n<p>De VR\u20ac\u20acM-Methode is een gouden combinatie tussen het gebruik van twee services die op internet te vinden zijn :<\/p>\n<ol>\n<li>je raadt het al , deze website \u00a0en<\/li>\n<li>het GRATIS PLUS500 platform<\/li>\n<\/ol>\n<p>en je zult zien hoe gemakkelijk dat gaat.<\/p>\n<p>Start <a title=\"Plus500 als hulpmiddel voor de VR\u20ac\u20acM Methode\" href=\"https:\/\/vreem.eu\/vreem-methode\/start-handelen\/\" target=\"_blank\">HIER<\/a> om gebruik te maken van het\u00a0PLUS500 platform. Je moet via mijn website jezelf aanmelden bij PLUS500, anders kan ik je niet voorzien van de specifieke instellingen. Ik ben namelijk affiliate voor PLUS500 en is een manier voor mij om alle gratis informatie die jij op deze website hebt gevonden enigzins rendabel te maken. Ik hoop dat je dit begrijpt.<\/p>\n<p>&nbsp;<\/p>\n<p>Een video met uitleg van de VR\u20ac\u20acM-Methode\u00a0komt binnenkort.<\/p>\n<p>&nbsp;<\/p>\n<ol>\n<li><em>In het kort komt het erop neer dat je in de <a title=\"Analysepagina's AEX\" href=\"https:\/\/vreem.eu\/gratis-beurstips-2\/aex-index-tips\/\" target=\"_blank\">analysepagina&#8217;s<\/a> de volgende datum opzoekt van de index of aandeel van je keuze waarbij een VR\u20ac\u20acM handelsmoment\u00a0staat gesignaleerd.<\/em><\/li>\n<li><em>Een paar dagen voor dat moment open je PLUS500 en stel je de grafieken zo in als in de video zal worden omschreven. Dit hoef je maar \u00e9\u00e9n keer te doen, want PLUS500 onthoudt ze voor je als je het programma afsluit en weer opnieuw opstart.<\/em><\/li>\n<li><em>Bij een verkoopdatum kijk je wanneer een bepaalde indicator geen hogere top maakt, terwijl de koersgrafiek dat wel doet en wacht op bevestiging wanneer 2 lijnen van een andere indicator elkaar neerwaarts kruisen. Dat is het moment om te verkopen.<\/em><\/li>\n<li><em>Bij een aankoopdatum kijk je wanneer een bepaalde indicator geen lagere bodem\u00a0maakt, terwijl de koersgrafiek dat wel doet en wacht op bevestiging wanneer 2 lijnen van die\u00a0andere indicator elkaar opwaarts kruisen. Dat is het moment om te kopen.<\/em><\/li>\n<li><em>Je krijgt van mij de specifieke instellingen van die indicatoren en alle andere tips als je een betaald VR\u20ac\u20acM Abonnement afneemt.<\/em><\/li>\n<li><em>Het allerbelangrijkste van de VR\u20ac\u20acM Methode is dat je alle gemaakte koerswinst weer investeert in aandelen of derivaten. Dit zorgt ervoor dat het 8e wereldwonder van Einstein jou\u00a0financi\u00eble zekerheid\u00a0gaat brengen en jou maakt tot een succesvol belegger.<\/em><\/li>\n<\/ol>\n<p>&nbsp;<\/p>\n<p><a href=\"https:\/\/vreem.eu\/wp-content\/uploads\/2013\/11\/goud.png\"><img loading=\"lazy\" decoding=\"async\" class=\"alignleft size-full wp-image-385\" src=\"https:\/\/vreem.eu\/wp-content\/uploads\/2013\/11\/goud.png\" alt=\"goud\" width=\"29\" height=\"34\" \/><\/a>Als je een &#8216;<a title=\"VR\u20ac\u20acM PLUS Abonnement\" href=\"https:\/\/vreem.eu\/abonnementen\/plus-abonnementen3\/\" target=\"_blank\">VR\u20ac\u20acM PLUS\u00a0Abonnement<\/a>&#8216; neemt op jou favoriete index of aandeel, vertel ik je welke\u00a0indicatoren je in de PLUS500 grafiek moet gebruiken. Dit maakt het mogelijk de nauwkeurigheid van de VR\u20ac\u20acM signalen te verhogen en daarmee jou rendement. &#8216;Indicatoren&#8217;\u00a0klinkt misschien ingewikkeld, maar is het absoluut niet als je mijn aanwijzingen opvolgt. Dit is \u00e9\u00e9n maal per jaar de enige tijdinvestering die je moet doen voor het beste eindresultaat.<\/p>\n<p>&nbsp;<\/p>\n<p><a href=\"https:\/\/vreem.eu\/wp-content\/uploads\/2013\/11\/goud.png\"><img loading=\"lazy\" decoding=\"async\" class=\"alignleft size-full wp-image-385\" src=\"https:\/\/vreem.eu\/wp-content\/uploads\/2013\/11\/goud.png\" alt=\"goud\" width=\"29\" height=\"34\" \/><\/a>Als je een &#8216;<a title=\"VR\u20ac\u20acM ACTIEF Abonnement\" href=\"https:\/\/vreem.eu\/abonnementen\/actief-abonnementen3\/\" target=\"_blank\">VR\u20ac\u20acM ACTIEF Abonnement<\/a>&#8216; neemt op jou favoriete index of aandeel, krijg je van mij specifieke instellingen voor een andere\u00a0indicator. Samen met de hierboven genoemde indicatoren wordt\u00a0de nauwkeurigheid van de VR\u20ac\u20acM signalen\u00a0nog verder verhoogd en bereik je nog sneller jou financi\u00eble doelen.\u00a0Dit is twee keer\u00a0per 3 maanden de enigste tijdsinvestering die je moet doen voor financi\u00eble zekerheid voor jezelf en je familie.<\/p>\n<p>&nbsp;<\/p>\n<p><a href=\"https:\/\/vreem.eu\/wp-content\/uploads\/2013\/11\/goud.png\"><img loading=\"lazy\" decoding=\"async\" class=\"alignleft size-full wp-image-385\" src=\"https:\/\/vreem.eu\/wp-content\/uploads\/2013\/11\/goud.png\" alt=\"goud\" width=\"29\" height=\"34\" \/><\/a>Bij een\u00a0&#8216;<a title=\"VR\u20ac\u20acM SUPER Abonnement\" href=\"https:\/\/vreem.eu\/abonnementen\/super-abonnementen3\/\" target=\"_blank\">VR\u20ac\u20acM SUPER\u00a0Abonnement<\/a>&#8216; doe ik je een methode aan de hand waarmee je in PLUS500 volgens het Elliot Wave Principe (E.W.P.) het maximale resultaat gaat behalen. Bij het E.W.P. komt het in grote lijnen neer op het fenomeen dat je golfbewegingen gaat tellen. Je hoeft nooit verder te tellen dan 5, dus dat kan niet moeilijk zijn. Dit klinkt cryptisch maar na uitleg wordt\u00a0de werking helemaal duidelijk.<\/p>\n<p>&nbsp;<\/p>\n<p><a href=\"https:\/\/vreem.eu\/wp-content\/uploads\/2013\/11\/bonus-dividend.jpg\"><img loading=\"lazy\" decoding=\"async\" class=\" wp-image-846 alignleft\" title=\"Bonus Dividend\" src=\"https:\/\/vreem.eu\/wp-content\/uploads\/2013\/11\/bonus-dividend.jpg\" alt=\"Bonus Dividend\" width=\"90\" height=\"90\" \/><\/a><br \/>\nAls extra\u00a0bonus bij alle Betaalde\u00a0Abonnementen krijg je van mij\u00a0toegang tot speciale pagina&#8217;s waar je de toekomstvoorspelling leert kennen van de <strong>Koopwoning- en Energiemarkt<\/strong>.<br \/>\n<a href=\"https:\/\/vreem.eu\/wp-content\/uploads\/2013\/11\/bonus-dividend.jpg\"><img loading=\"lazy\" decoding=\"async\" class=\" wp-image-846 alignleft\" title=\"Bonus Dividend\" src=\"https:\/\/vreem.eu\/wp-content\/uploads\/2013\/11\/bonus-dividend.jpg\" alt=\"Bonus Dividend\" width=\"90\" height=\"90\" \/><\/a>Als speciale bonus bij een Super-Abonnement krijg je van mij een\u00a0<strong>TIP<\/strong>\u00a0waaraan je kunt zien wat het <strong>koersdoel van de volgende trend <\/strong>zal zijn die wordt ingezet na het door VR\u20ac\u20acM gesignaleerde tijdstip van trendomslag.<\/p>\n<p>&nbsp;<\/p>\n<p>&nbsp;<\/p>\n<h2><\/h2>\n<p>&nbsp;<\/p>\n<p><a class=\"top\" href=\"\/#top\">naar boven<\/a><\/p>\n<p>&nbsp;<\/p>\n","protected":false},"excerpt":{"rendered":"<p>De VREEM Methode is Uniek en Super Winstgevend Als belegger ben je natuurlijk op zoek naar de makkelijkste manier om geld te verdienen op de beurs voor je financi\u00eble zekerheid. De manieren en strategie\u00ebn waarmee je geld kunt verdienen zijn er legio, echter zijn veel strategie\u00ebn veel te lastig en onhandig en heb je gedegen [&hellip;]<\/p>\n","protected":false},"author":1,"featured_media":0,"parent":0,"menu_order":0,"comment_status":"open","ping_status":"open","template":"","meta":{"footnotes":""},"class_list":["post-1933","page","type-page","status-publish","hentry"],"_links":{"self":[{"href":"https:\/\/vreem.eu\/index.php?rest_route=\/wp\/v2\/pages\/1933","targetHints":{"allow":["GET"]}}],"collection":[{"href":"https:\/\/vreem.eu\/index.php?rest_route=\/wp\/v2\/pages"}],"about":[{"href":"https:\/\/vreem.eu\/index.php?rest_route=\/wp\/v2\/types\/page"}],"author":[{"embeddable":true,"href":"https:\/\/vreem.eu\/index.php?rest_route=\/wp\/v2\/users\/1"}],"replies":[{"embeddable":true,"href":"https:\/\/vreem.eu\/index.php?rest_route=%2Fwp%2Fv2%2Fcomments&post=1933"}],"version-history":[{"count":0,"href":"https:\/\/vreem.eu\/index.php?rest_route=\/wp\/v2\/pages\/1933\/revisions"}],"wp:attachment":[{"href":"https:\/\/vreem.eu\/index.php?rest_route=%2Fwp%2Fv2%2Fmedia&parent=1933"}],"curies":[{"name":"wp","href":"https:\/\/api.w.org\/{rel}","templated":true}]}}